{"id":128,"date":"2024-12-12T18:48:36","date_gmt":"2024-12-12T17:48:36","guid":{"rendered":"https:\/\/cntorrelodones.es\/?page_id=128"},"modified":"2024-12-12T18:58:39","modified_gmt":"2024-12-12T17:58:39","slug":"prueba-poten","status":"publish","type":"page","link":"https:\/\/cntorrelodones.es\/index.php\/prueba-poten\/","title":{"rendered":"Prueba Poten"},"content":{"rendered":"\n<div id=\"wp-block-themeisle-blocks-advanced-columns-d7e66037\" class=\"wp-block-themeisle-blocks-advanced-columns has-1-columns has-desktop-equal-layout has-tablet-equal-layout has-mobile-equal-layout has-vertical-unset\"><div class=\"wp-block-themeisle-blocks-advanced-columns-overlay\"><\/div><div class=\"innerblocks-wrap\">\n<div id=\"wp-block-themeisle-blocks-advanced-column-641816e7\" class=\"wp-block-themeisle-blocks-advanced-column\">\n<div class=\"wp-block-group alignfull is-layout-constrained wp-container-core-group-is-layout-c0f2a438 wp-block-group-is-layout-constrained\" style=\"margin-top:0px;margin-bottom:0px;padding-top:var(--wp--preset--spacing--80);padding-right:var(--wp--preset--spacing--40);padding-bottom:var(--wp--preset--spacing--80);padding-left:var(--wp--preset--spacing--40)\">\n<h2 class=\"wp-block-heading has-text-align-center is-style-default\">Preguntas dddddd<\/h2>\n\n\n\n<div id=\"wp-block-themeisle-blocks-form-c4d9a300\" class=\"wp-block-themeisle-blocks-form\" data-option-name=\"bf9b28ff82ce323187abc5d0feb0d8f07ecd8436_c4d9a300\"><form class=\"otter-form__container\"><div class=\"wp-block-button\"><button class=\"wp-block-button__link\" type=\"submit\">Enviar<\/button><\/div><\/form><\/div>\n\n\n\n<div id=\"wp-block-themeisle-blocks-form-e8b8a87e\" class=\"wp-block-themeisle-blocks-form\" data-option-name=\"bf9b28ff82ce323187abc5d0feb0d8f07ecd8436_e8b8a87e\"><form class=\"otter-form__container\"><div class=\"wp-block-button\"><button class=\"wp-block-button__link\" type=\"submit\">Enviar<\/button><\/div><\/form><\/div>\n\n\n\n<div id=\"wp-block-themeisle-blocks-form-fd309f5a\" class=\"wp-block-themeisle-blocks-form\" data-option-name=\"bf9b28ff82ce323187abc5d0feb0d8f07ecd8436_fd309f5a\"><form class=\"otter-form__container\"><div class=\"wp-block-button\"><button class=\"wp-block-button__link\" type=\"submit\">Enviar<\/button><\/div><\/form><\/div>\n\n\n\n<p class=\"has-text-align-center has-normal-font-size\">Una breve descripci\u00f3n de la secci\u00f3n<\/p>\n\n\n\n<div class=\"wp-block-buttons is-content-justification-center is-layout-flex wp-container-core-buttons-is-layout-a89b3969 wp-block-buttons-is-layout-flex\">\n<div class=\"wp-block-button\"><a class=\"wp-block-button__link has-raft-fg-alt-color has-text-color wp-element-button\">Texto del bot\u00f3n<\/a><\/div>\n<\/div>\n\n\n\n<div style=\"height:40px\" aria-hidden=\"true\" class=\"wp-block-spacer\"><\/div>\n\n\n\n<div class=\"wp-block-group alignwide is-layout-flow wp-block-group-is-layout-flow\">\n<div class=\"wp-block-columns is-layout-flex wp-container-core-columns-is-layout-28f84493 wp-block-columns-is-layout-flex\">\n<div class=\"wp-block-column has-raft-bg-alt-background-color has-background is-layout-flow wp-container-core-column-is-layout-686fca38 wp-block-column-is-layout-flow\" style=\"padding-top:var(--wp--preset--spacing--50);padding-right:var(--wp--preset--spacing--50);padding-bottom:var(--wp--preset--spacing--50);padding-left:var(--wp--preset--spacing--50)\">\n<h3 class=\"wp-block-heading has-medium-font-size\">S\u00f3lo una pregunta frecuente<\/h3>\n\n\n\n<p>Este es un texto de marcador de posici\u00f3n, no dudes en sustituirlo por tu contenido \u00fanico, ya que se incluye aqu\u00ed s\u00f3lo para proporcionarte una mejor comprensi\u00f3n de c\u00f3mo encajar\u00e1 tu texto en el dise\u00f1o. Explora los distintos patrones y plantillas mientras creas tu experiencia web personalizada.<\/p>\n<\/div>\n\n\n\n<div class=\"wp-block-column has-raft-bg-alt-background-color has-background is-layout-flow wp-container-core-column-is-layout-686fca38 wp-block-column-is-layout-flow\" style=\"padding-top:var(--wp--preset--spacing--50);padding-right:var(--wp--preset--spacing--50);padding-bottom:var(--wp--preset--spacing--50);padding-left:var(--wp--preset--spacing--50)\">\n<h3 class=\"wp-block-heading has-medium-font-size\">S\u00f3lo una pregunta frecuente<\/h3>\n\n\n\n<p>Este es un texto de marcador de posici\u00f3n, no dudes en sustituirlo por tu contenido \u00fanico, ya que se incluye aqu\u00ed s\u00f3lo para proporcionarte una mejor comprensi\u00f3n de c\u00f3mo encajar\u00e1 tu texto en el dise\u00f1o. Explora los distintos patrones y plantillas mientras creas tu experiencia web personalizada.<\/p>\n<\/div>\n<\/div>\n\n\n\n<div class=\"wp-block-columns is-layout-flex wp-container-core-columns-is-layout-28f84493 wp-block-columns-is-layout-flex\">\n<div class=\"wp-block-column has-raft-bg-alt-background-color has-background is-layout-flow wp-container-core-column-is-layout-686fca38 wp-block-column-is-layout-flow\" style=\"padding-top:var(--wp--preset--spacing--50);padding-right:var(--wp--preset--spacing--50);padding-bottom:var(--wp--preset--spacing--50);padding-left:var(--wp--preset--spacing--50)\">\n<h3 class=\"wp-block-heading has-medium-font-size\">S\u00f3lo una pregunta frecuente<\/h3>\n\n\n\n<p>Este es un texto de marcador de posici\u00f3n, no dudes en sustituirlo por tu contenido \u00fanico, ya que se incluye aqu\u00ed s\u00f3lo para proporcionarte una mejor comprensi\u00f3n de c\u00f3mo encajar\u00e1 tu texto en el dise\u00f1o. Explora los distintos patrones y plantillas mientras creas tu experiencia web personalizada.<\/p>\n<\/div>\n\n\n\n<div class=\"wp-block-column has-raft-bg-alt-background-color has-background is-layout-flow wp-container-core-column-is-layout-686fca38 wp-block-column-is-layout-flow\" style=\"padding-top:var(--wp--preset--spacing--50);padding-right:var(--wp--preset--spacing--50);padding-bottom:var(--wp--preset--spacing--50);padding-left:var(--wp--preset--spacing--50)\">\n<h3 class=\"wp-block-heading has-medium-font-size\">S\u00f3lo una pregunta frecuente<\/h3>\n\n\n\n<p>Este es un texto de marcador de posici\u00f3n, no dudes en sustituirlo por tu contenido \u00fanico, ya que se incluye aqu\u00ed s\u00f3lo para proporcionarte una mejor comprensi\u00f3n de c\u00f3mo encajar\u00e1 tu texto en el dise\u00f1o. Explora los distintos patrones y plantillas mientras creas tu experiencia web personalizada.<\/p>\n<\/div>\n<\/div>\n<\/div>\n\n\n\n<div id=\"wp-block-themeisle-blocks-form-bcc8f429\" class=\"wp-block-themeisle-blocks-form\" data-option-name=\"bf9b28ff82ce323187abc5d0feb0d8f07ecd8436_bcc8f429\"><form class=\"otter-form__container\">\n<div id=\"wp-block-themeisle-blocks-form-input-964e29fd\" class=\"wp-block-themeisle-blocks-form-input\"><label for=\"wp-block-themeisle-blocks-form-input-964e29fd-input\" class=\"otter-form-input-label\"><span class=\"otter-form-input-label__label\">Nombre<\/span><span class=\"required\">*<\/span><\/label><input type=\"text\" id=\"wp-block-themeisle-blocks-form-input-964e29fd-input\" required class=\"otter-form-input\"\/><\/div>\n\n\n\n\n\n<div id=\"wp-block-themeisle-blocks-advanced-columns-2c60bc77\" class=\"wp-block-themeisle-blocks-advanced-columns alignfull has-1-columns has-desktop-equal-layout has-tablet-equal-layout has-mobile-collapsedRows-layout has-reverse-columns-mobile has-vertical-center ticss-c00aadba\"><div class=\"wp-block-themeisle-blocks-advanced-columns-overlay\"><\/div><div class=\"innerblocks-wrap\">\n<div id=\"wp-block-themeisle-blocks-advanced-column-75b9263d\" class=\"wp-block-themeisle-blocks-advanced-column\">\n<div style=\"height:100px\" aria-hidden=\"true\" class=\"wp-block-spacer\"><\/div>\n\n\n\n<h1 id=\"wp-block-themeisle-blocks-advanced-heading-5d5675df\" class=\"wp-block-themeisle-blocks-advanced-heading wp-block-themeisle-blocks-advanced-heading-5d5675df\">Pumpkins &amp; Penguins<\/h1>\n\n\n\n<p id=\"wp-block-themeisle-blocks-advanced-heading-40ecd43d\" class=\"wp-block-themeisle-blocks-advanced-heading wp-block-themeisle-blocks-advanced-heading-40ecd43d\">Sed ut perspiciatis unde omnis iste natus<\/p>\n\n\n\n<div class=\"wp-block-buttons is-content-justification-center is-layout-flex wp-container-core-buttons-is-layout-a89b3969 wp-block-buttons-is-layout-flex\">\n<div class=\"wp-block-button is-style-primary\"><a class=\"wp-block-button__link wp-element-button\">Learn More<\/a><\/div>\n<\/div>\n\n\n\n<div style=\"height:100px\" aria-hidden=\"true\" class=\"wp-block-spacer\"><\/div>\n<\/div>\n<\/div><\/div>\n\n\n\n<div id=\"wp-block-themeisle-blocks-form-input-8c042ed1\" class=\"wp-block-themeisle-blocks-form-input\"><label for=\"wp-block-themeisle-blocks-form-input-8c042ed1-input\" class=\"otter-form-input-label\"><span class=\"otter-form-input-label__label\">Email<\/span><span class=\"required\">*<\/span><\/label><input type=\"email\" id=\"wp-block-themeisle-blocks-form-input-8c042ed1-input\" required class=\"otter-form-input\"\/><\/div>\n\n\n<div class=\"protection\" aria-hidden=\"true\"><input type=\"hidden\" id=\"wp-block-themeisle-blocks-form-bcc8f429_nonce_field\" name=\"wp-block-themeisle-blocks-form-bcc8f429_nonce_field\" value=\"33d7ab5c9f\" \/><input type=\"hidden\" name=\"_wp_http_referer\" value=\"\/index.php\/wp-json\/wp\/v2\/pages\/128\" \/><input class=\"o-anti-bot\" type=\"checkbox\"><\/div>\n\n\n<div id=\"wp-block-themeisle-blocks-form-textarea-49825230\" class=\"wp-block-themeisle-blocks-form-textarea\"><label for=\"wp-block-themeisle-blocks-form-textarea-49825230-input\" class=\"otter-form-textarea-label\"><span class=\"otter-form-textarea-label__label\">Message<\/span><\/label><textarea id=\"wp-block-themeisle-blocks-form-textarea-49825230-input\" rows=\"10\" class=\"otter-form-textarea-input\"><\/textarea><\/div>\n\n\n\n<p class=\"has-extra-small-font-size\">You agree to receive email communication from us by submitting this form and understand that your contact information will be stored with us.<\/p>\n<div class=\"wp-block-button\"><button class=\"wp-block-button__link\" type=\"submit\">Enviar<\/button><\/div><\/form><\/div>\n<\/div>\n<\/div>\n<\/div><\/div>\n","protected":false},"excerpt":{"rendered":"","protected":false},"author":1,"featured_media":0,"parent":0,"menu_order":0,"comment_status":"closed","ping_status":"closed","template":"","meta":{"_themeisle_gutenberg_block_has_review":false,"footnotes":""},"class_list":["post-128","page","type-page","status-publish","hentry"],"_links":{"self":[{"href":"https:\/\/cntorrelodones.es\/index.php\/wp-json\/wp\/v2\/pages\/128","targetHints":{"allow":["GET"]}}],"collection":[{"href":"https:\/\/cntorrelodones.es\/index.php\/wp-json\/wp\/v2\/pages"}],"about":[{"href":"https:\/\/cntorrelodones.es\/index.php\/wp-json\/wp\/v2\/types\/page"}],"author":[{"embeddable":true,"href":"https:\/\/cntorrelodones.es\/index.php\/wp-json\/wp\/v2\/users\/1"}],"replies":[{"embeddable":true,"href":"https:\/\/cntorrelodones.es\/index.php\/wp-json\/wp\/v2\/comments?post=128"}],"version-history":[{"count":3,"href":"https:\/\/cntorrelodones.es\/index.php\/wp-json\/wp\/v2\/pages\/128\/revisions"}],"predecessor-version":[{"id":132,"href":"https:\/\/cntorrelodones.es\/index.php\/wp-json\/wp\/v2\/pages\/128\/revisions\/132"}],"wp:attachment":[{"href":"https:\/\/cntorrelodones.es\/index.php\/wp-json\/wp\/v2\/media?parent=128"}],"curies":[{"name":"wp","href":"https:\/\/api.w.org\/{rel}","templated":true}]}}